{"id":2094,"date":"2026-01-05T01:50:02","date_gmt":"2026-01-05T01:50:02","guid":{"rendered":"https:\/\/mefar168.com\/?post_type=product&#038;p=2094"},"modified":"2026-01-05T09:51:04","modified_gmt":"2026-01-05T09:51:04","slug":"%e5%ae%89%e5%85%a8%e5%b8%bd%e7%ba%b8%e6%89%98%ef%bc%88%e7%ba%b8%e5%a1%91%ef%bc%89","status":"publish","type":"product","link":"https:\/\/www.mefar168.com\/de\/product\/schutzhelm-papierfach-papiergeformt\/","title":{"rendered":"Sicherheitshelm wei\u00df nassgepresstes Feinpapier Tablett (Zellstoffformung)"},"content":{"rendered":"<p><strong>Sicherheitshelm wei\u00dfes nassgepresstes Feinpapier Tablett (Zellstoffformung), Umweltschutzpapier Tablett Produkteinf\u00fchrung<\/strong><\/p>\n<p>Papier-Kunststoff-Produkte (wissenschaftlicher Name: Pulp Molding, englischer Name: PULP MOLDING, allgemein bekannt als Paper Tray, Pulp Tray, Pulp Box) sind eine Art umweltfreundliches, wirtschaftliches Verpackungsmaterial.<\/p>\n<p>Das Rohmaterial des Papiertabletts ist Zellstofffaser, 100% Umweltschutz, ROHS\/SGS\/REACH und andere Tests entsprechen dem Standard, was dem Export der Produkte f\u00f6rderlich ist, aber auch den immer h\u00f6heren Anforderungen an Produktsicherheit und Umweltschutz entspricht.<\/p>\n<p>Es nimmt alle Arten von Zellstoff als Rohstoff, nach dem Aufschluss und Mischen in bestimmten Konzentration der Aufschl\u00e4mmung, in speziellen Formen und spezielle Ausr\u00fcstung durch Vakuum-Adsorption Formung, und dann nach dem Trocknen zu verschiedenen Arten von Liner K\u00f6rper Verpackungsprodukte f\u00fcr verschiedene Zwecke.<\/p>\n<p>Sicherheitshelm wei\u00df Nasspressen hochwertiges Papier Tablett (Zellstoff-Formen) aufgrund der geometrischen Form und gute Anti-Vibrations-, Anti-Schlag-, Anti-Statik-, Anti-Korrosions-und andere w\u00fcnschenswerte Schutzwirkung mit dem Aussehen der Verpackungsmaterialien, durch den Test der physikalischen Indikatoren, ist seine Leistung und Wirksamkeit ausreichend zu ersetzen und besser als die EPS, PS und PVC und andere Verpackungsprodukte. Kann entsprechend den Anforderungen der verschiedenen Produkte verpackt werden, indem ein starkes Mittel, flexibles Mittel, wasserdichtes Mittel, Anti-\u00d6l-Mittel, anti-entz\u00fcndliche Mittel und andere Hilfsstoffe hinzugef\u00fcgt werden, um eine Vielzahl von Funktionen zu erreichen, die Styropor, EVA, Blister, Karton und andere einzelne physikalische Eigenschaften nicht getan werden kann. Und in der Anti-Vibrations-Funktion, Umweltschutz, Preis und antistatische und andere Indikatoren und Funktionen zu besetzen den Vorteil.<\/p>\n<p><strong>Sicherheitshelme aus wei\u00dfem, nassgepresstem Feinpapier (Pulp Moulding) Papier- und Kunststoffprodukte haben folgende Eigenschaften.<\/strong><\/p>\n<p>Wasserdicht, feuchtigkeitsbest\u00e4ndig, sto\u00dffest, antistatisch, umweltfreundlich, nicht verschmutzend, kann nat\u00fcrlich zersetzt werden, kann \u00fcberlappende Sets sein. Die Kosten sind niedriger als bei anderen Verpackungsmaterialien. Es handelt sich um eine neue Art von umweltfreundlichem Verpackungsprodukt mit einer breiten Marktperspektive.<\/p>\n<p><strong>Anwendungen:<\/strong><\/p>\n<p>1) Kommunikationsprodukte, elektronische Produkte, elektrische Produkte, Hardware-Werkzeuge;<\/p>\n<p>2) Getr\u00e4nke, Alkohol, Lebensmittel, Obst, Eier, G\u00e4rtnerei;<\/p>\n<p>3. literarischer und p\u00e4dagogischer Bedarf, medizinischer Bedarf, Sportartikel, Kosmetika<\/p>","protected":false},"excerpt":{"rendered":"<p class=\"wx\">Sicherheitshelm wei\u00df nassgepresst hochwertiges Papier Tablett (Zellstoff-Formteil) aufgrund der geometrischen Form und gute Anti-Vibrations-, Anti-Schock-, Anti-Statik-, Anti-Korrosions-und anderen idealen Schutz-Effekt mit der Verpackung Aussehen, durch die physikalische Index-Test, seine Leistung und Wirksamkeit ist ausreichend zu ersetzen und besser als die EPS, PS und PVC und andere Verpackungsprodukte.<\/p>","protected":false},"featured_media":2150,"template":"","meta":{"_uag_custom_page_level_css":"","site-sidebar-layout":"default","site-content-layout":"","ast-site-content-layout":"default","site-content-style":"default","site-sidebar-style":"default","ast-global-header-display":"","ast-banner-title-visibility":"","ast-main-header-display":"","ast-hfb-above-header-display":"","ast-hfb-below-header-display":"","ast-hfb-mobile-header-display":"","site-post-title":"","ast-breadcrumbs-content":"","ast-featured-img":"","footer-sml-layout":"","ast-disable-related-posts":"","theme-transparent-header-meta":"default","adv-header-id-meta":"","stick-header-meta":"default","header-above-stick-meta":"","header-main-stick-meta":"","header-below-stick-meta":"","astra-migrate-meta-layouts":"set","ast-page-background-enabled":"default","ast-page-background-meta":{"desktop":{"background-color":"var(--ast-global-color-5)","background-image":"","background-repeat":"repeat","background-position":"center center","background-size":"auto","background-attachment":"scroll","background-type":"","background-media":"","overlay-type":"","overlay-color":"","overlay-opacity":"","overlay-gradient":""},"tablet":{"background-color":"","background-image":"","background-repeat":"repeat","background-position":"center center","background-size":"auto","background-attachment":"scroll","background-type":"","background-media":"","overlay-type":"","overlay-color":"","overlay-opacity":"","overlay-gradient":""},"mobile":{"background-color":"","background-image":"","background-repeat":"repeat","background-position":"center center","background-size":"auto","background-attachment":"scroll","background-type":"","background-media":"","overlay-type":"","overlay-color":"","overlay-opacity":"","overlay-gradient":""}},"ast-content-background-meta":{"desktop":{"background-color":"var(--ast-global-color-4)","background-image":"","background-repeat":"repeat","background-position":"center center","background-size":"auto","background-attachment":"scroll","background-type":"","background-media":"","overlay-type":"","overlay-color":"","overlay-opacity":"","overlay-gradient":""},"tablet":{"background-color":"var(--ast-global-color-4)","background-image":"","background-repeat":"repeat","background-position":"center center","background-size":"auto","background-attachment":"scroll","background-type":"","background-media":"","overlay-type":"","overlay-color":"","overlay-opacity":"","overlay-gradient":""},"mobile":{"background-color":"var(--ast-global-color-4)","background-image":"","background-repeat":"repeat","background-position":"center center","background-size":"auto","background-attachment":"scroll","background-type":"","background-media":"","overlay-type":"","overlay-color":"","overlay-opacity":"","overlay-gradient":""}},"iawp_total_views":26},"product_brand":[],"product_cat":[33],"product_tag":[],"class_list":{"0":"post-2094","1":"product","2":"type-product","3":"status-publish","4":"has-post-thumbnail","6":"product_cat-craft-product-tray","7":"desktop-align-center","8":"tablet-align-center","9":"mobile-align-center","10":"ast-product-gallery-layout-horizontal-slider","11":"ast-magnify-disabled","12":"ast-product-tabs-layout-horizontal","14":"first","15":"instock","16":"shipping-taxable","17":"product-type-simple"},"spectra_custom_meta":{"total_sales":["0"],"_tax_status":["taxable"],"_tax_class":[""],"_manage_stock":["no"],"_backorders":["no"],"_sold_individually":["no"],"_virtual":["no"],"_downloadable":["no"],"_download_limit":["-1"],"_download_expiry":["-1"],"_stock":[null],"_stock_status":["instock"],"_wc_average_rating":["0"],"_wc_review_count":["0"],"_product_version":["10.4.3"],"_wp_old_slug":["import-placeholder-for-650"],"_thumbnail_id":["2150"],"_product_image_gallery":["2151,2152"],"_edit_lock":["1767606729:1"],"_edit_last":["1"],"site-sidebar-layout":["default"],"ast-site-content-layout":["default"],"site-content-style":["default"],"site-sidebar-style":["default"],"theme-transparent-header-meta":["default"],"astra-migrate-meta-layouts":["set"],"stick-header-meta":["default"],"iawp_total_views":["26"],"_uag_css_file_name":["uag-css-2094.css"]},"uagb_featured_image_src":{"full":["https:\/\/www.mefar168.com\/wp-content\/uploads\/2026\/01\/60a8b2f8966a6.webp",800,560,false],"thumbnail":["https:\/\/www.mefar168.com\/wp-content\/uploads\/2026\/01\/60a8b2f8966a6-150x150.webp",150,150,true],"medium":["https:\/\/www.mefar168.com\/wp-content\/uploads\/2026\/01\/60a8b2f8966a6-300x210.webp",300,210,true],"medium_large":["https:\/\/www.mefar168.com\/wp-content\/uploads\/2026\/01\/60a8b2f8966a6-768x538.webp",768,538,true],"large":["https:\/\/www.mefar168.com\/wp-content\/uploads\/2026\/01\/60a8b2f8966a6.webp",800,560,false],"1536x1536":["https:\/\/www.mefar168.com\/wp-content\/uploads\/2026\/01\/60a8b2f8966a6.webp",800,560,false],"2048x2048":["https:\/\/www.mefar168.com\/wp-content\/uploads\/2026\/01\/60a8b2f8966a6.webp",800,560,false],"trp-custom-language-flag":["https:\/\/www.mefar168.com\/wp-content\/uploads\/2026\/01\/60a8b2f8966a6.webp",18,12,false],"woocommerce_thumbnail":["https:\/\/www.mefar168.com\/wp-content\/uploads\/2026\/01\/60a8b2f8966a6-600x420.webp",600,420,true],"woocommerce_single":["https:\/\/www.mefar168.com\/wp-content\/uploads\/2026\/01\/60a8b2f8966a6.webp",800,560,false],"woocommerce_gallery_thumbnail":["https:\/\/www.mefar168.com\/wp-content\/uploads\/2026\/01\/60a8b2f8966a6-100x100.webp",100,100,true]},"uagb_author_info":{"display_name":"qunhe","author_link":"https:\/\/www.mefar168.com\/de\/author\/"},"uagb_comment_info":0,"uagb_excerpt":"\u5b89\u5168\u5e3d\u767d\u8272\u6e7f\u538b\u7cbe\u54c1\u7eb8\u6258\uff08\u7eb8\u6d46\u6a21\u5851\uff09\u7531\u4e8e\u5177\u6709\u4e0e\u5305\u88c5\u7269\u5916\u578b\u76f8\u543b\u5408\u7684\u51e0\u4f55\u5f62\u72b6\u548c\u826f\u597d\u7684\u9632\u9707\u3001\u9632\u51b2\u51fb\u3001\u9632\u9759\u7535\u3001\u9632\u8150\u7b49\u7406\u60f3&hellip;","_links":{"self":[{"href":"https:\/\/www.mefar168.com\/de\/wp-json\/wp\/v2\/product\/2094","targetHints":{"allow":["GET"]}}],"collection":[{"href":"https:\/\/www.mefar168.com\/de\/wp-json\/wp\/v2\/product"}],"about":[{"href":"https:\/\/www.mefar168.com\/de\/wp-json\/wp\/v2\/types\/product"}],"wp:featuredmedia":[{"embeddable":true,"href":"https:\/\/www.mefar168.com\/de\/wp-json\/wp\/v2\/media\/2150"}],"wp:attachment":[{"href":"https:\/\/www.mefar168.com\/de\/wp-json\/wp\/v2\/media?parent=2094"}],"wp:term":[{"taxonomy":"product_brand","embeddable":true,"href":"https:\/\/www.mefar168.com\/de\/wp-json\/wp\/v2\/product_brand?post=2094"},{"taxonomy":"product_cat","embeddable":true,"href":"https:\/\/www.mefar168.com\/de\/wp-json\/wp\/v2\/product_cat?post=2094"},{"taxonomy":"product_tag","embeddable":true,"href":"https:\/\/www.mefar168.com\/de\/wp-json\/wp\/v2\/product_tag?post=2094"}],"curies":[{"name":"wp","href":"https:\/\/api.w.org\/{rel}","templated":true}]}}