{"id":2091,"date":"2026-01-05T01:50:02","date_gmt":"2026-01-05T01:50:02","guid":{"rendered":"https:\/\/mefar168.com\/?post_type=product&#038;p=2091"},"modified":"2026-01-05T10:17:20","modified_gmt":"2026-01-05T10:17:20","slug":"%e7%9c%bc%e9%95%9c%e7%9b%92%e7%ba%b8%e6%89%98%ef%bc%88%e7%ba%b8%e5%a1%91%ef%bc%89-2","status":"publish","type":"product","link":"https:\/\/www.mefar168.com\/es\/product\/bandeja-de-papel-del-estuche-de-gafas-molde-de-papel-2\/","title":{"rendered":"Estuche para gafas bandeja de papel de pasta de bamb\u00fa prensado en seco blanco (papel mach\u00e9)"},"content":{"rendered":"<p><strong>Caja de gafas bandeja de papel de pulpa de bamb\u00fa prensado en seco blanco, bandeja de papel de protecci\u00f3n del medio ambiente introducci\u00f3n de productos<\/strong><\/p>\n<p>Los productos de papel y pl\u00e1stico (nombre cient\u00edfico pulp moulding, nombre ingl\u00e9s PULP MOLDING, com\u00fanmente conocidos como bandeja de papel, bandeja de pulpa, caja de pulpa) son un tipo de material de embalaje ecol\u00f3gico y econ\u00f3mico.<\/p>\n<p>La materia prima de la bandeja de papel es la fibra de pulpa, la protecci\u00f3n del medio ambiente 100%, ROHS \/ SGS \/ REACH y otras pruebas est\u00e1n en consonancia con la norma, lo que es propicio para la exportaci\u00f3n de productos, sino tambi\u00e9n en consonancia con la cada vez mayor demanda de seguridad de los productos y la protecci\u00f3n del medio ambiente.<\/p>\n<p>Toma todo tipo de pulpa como materia prima, despu\u00e9s de despulpar y mezclar en cierta concentraci\u00f3n de lodo, en moldes especiales y equipos especiales por moldeo de adsorci\u00f3n al vac\u00edo, y luego despu\u00e9s del secado para convertirse en diferentes tipos de productos de envasado de cuerpo de revestimiento para diferentes prop\u00f3sitos.<\/p>\n<p>Caja de gafas bandeja de papel de pulpa de bamb\u00fa prensado en seco blanco (papel-pl\u00e1stico) debido a la forma geom\u00e9trica y buena anti-vibraci\u00f3n, resistencia al impacto, anti-est\u00e1tica, anti-corrosi\u00f3n y otros efectos de protecci\u00f3n deseables con la aparici\u00f3n de los materiales de embalaje, por los indicadores f\u00edsicos de la prueba, su rendimiento y eficacia es suficiente para reemplazar y superior a la EPS, PS y PVC y otros productos de embalaje. Puede ser embalado de acuerdo a las necesidades de los diferentes productos mediante la adici\u00f3n de un agente fuerte, agente flexible, agente impermeable, agente anti-aceite, agente anti-inflamable y otros aditivos auxiliares para lograr una variedad de funciones, que es espuma de poliestireno, EVA, blister, cart\u00f3n y otras propiedades f\u00edsicas individuales no se puede hacer. Y en la funci\u00f3n anti-choque, protecci\u00f3n del medio ambiente, el precio y anti-est\u00e1tica y otros indicadores y funciones para ocupar la ventaja.<\/p>\n<p><strong>La bandeja de papel blanco prensado en seco de pasta de bamb\u00fa y los productos de papel moldeado para estuches de gafas tienen las siguientes caracter\u00edsticas.<\/strong><\/p>\n<p>Impermeable, a prueba de humedad, a prueba de golpes, antiest\u00e1tico, no contaminante, no contaminante, se puede descomponer de forma natural, se pueden superponer conjuntos. El coste es inferior al de otros materiales de envasado. Es un nuevo tipo de producto de envasado ecol\u00f3gico con amplias perspectivas de mercado.<\/p>\n<p><strong>Aplicaciones:<\/strong><\/p>\n<p>1. Productos de comunicaci\u00f3n, productos electr\u00f3nicos, productos el\u00e9ctricos, herramientas de hardware;<\/p>\n<p>2. Bebidas, alcohol, alimentos, fruta, huevos, viveros;<\/p>\n<p>3. Suministros literarios y educativos, suministros m\u00e9dicos, art\u00edculos deportivos, cosm\u00e9ticos<\/p>","protected":false},"excerpt":{"rendered":"<p class=\"wx\">Caja de vidrio blanco prensado en seco de pulpa de bamb\u00fa bandeja de papel (papel-pl\u00e1stico) puede ser envasado de acuerdo a los requerimientos de los diferentes productos mediante la adici\u00f3n de un agente de tama\u00f1o, agente de flexibilidad, agente de impermeabilizaci\u00f3n, agente a prueba de aceite, agente anti-inflamable y otros aditivos auxiliares para lograr una variedad de funciones, que es una espuma de poliestireno, EVA, blister, cart\u00f3n, etc, no se puede hacer por una sola propiedades f\u00edsicas. Y en la funci\u00f3n anti-choque, protecci\u00f3n del medio ambiente, el precio y anti-est\u00e1tica y otros indicadores y funciones para ocupar la ventaja.<\/p>","protected":false},"featured_media":2143,"template":"","meta":{"_uag_custom_page_level_css":"","site-sidebar-layout":"default","site-content-layout":"","ast-site-content-layout":"default","site-content-style":"default","site-sidebar-style":"default","ast-global-header-display":"","ast-banner-title-visibility":"","ast-main-header-display":"","ast-hfb-above-header-display":"","ast-hfb-below-header-display":"","ast-hfb-mobile-header-display":"","site-post-title":"","ast-breadcrumbs-content":"","ast-featured-img":"","footer-sml-layout":"","ast-disable-related-posts":"","theme-transparent-header-meta":"default","adv-header-id-meta":"","stick-header-meta":"default","header-above-stick-meta":"","header-main-stick-meta":"","header-below-stick-meta":"","astra-migrate-meta-layouts":"set","ast-page-background-enabled":"default","ast-page-background-meta":{"desktop":{"background-color":"var(--ast-global-color-5)","background-image":"","background-repeat":"repeat","background-position":"center center","background-size":"auto","background-attachment":"scroll","background-type":"","background-media":"","overlay-type":"","overlay-color":"","overlay-opacity":"","overlay-gradient":""},"tablet":{"background-color":"","background-image":"","background-repeat":"repeat","background-position":"center center","background-size":"auto","background-attachment":"scroll","background-type":"","background-media":"","overlay-type":"","overlay-color":"","overlay-opacity":"","overlay-gradient":""},"mobile":{"background-color":"","background-image":"","background-repeat":"repeat","background-position":"center center","background-size":"auto","background-attachment":"scroll","background-type":"","background-media":"","overlay-type":"","overlay-color":"","overlay-opacity":"","overlay-gradient":""}},"ast-content-background-meta":{"desktop":{"background-color":"var(--ast-global-color-4)","background-image":"","background-repeat":"repeat","background-position":"center center","background-size":"auto","background-attachment":"scroll","background-type":"","background-media":"","overlay-type":"","overlay-color":"","overlay-opacity":"","overlay-gradient":""},"tablet":{"background-color":"var(--ast-global-color-4)","background-image":"","background-repeat":"repeat","background-position":"center center","background-size":"auto","background-attachment":"scroll","background-type":"","background-media":"","overlay-type":"","overlay-color":"","overlay-opacity":"","overlay-gradient":""},"mobile":{"background-color":"var(--ast-global-color-4)","background-image":"","background-repeat":"repeat","background-position":"center center","background-size":"auto","background-attachment":"scroll","background-type":"","background-media":"","overlay-type":"","overlay-color":"","overlay-opacity":"","overlay-gradient":""}},"iawp_total_views":16},"product_brand":[],"product_cat":[32],"product_tag":[],"class_list":{"0":"post-2091","1":"product","2":"type-product","3":"status-publish","4":"has-post-thumbnail","6":"product_cat-eyewear-packaging-tray","7":"desktop-align-center","8":"tablet-align-center","9":"mobile-align-center","10":"ast-product-gallery-layout-horizontal-slider","11":"ast-magnify-disabled","12":"ast-product-tabs-layout-horizontal","14":"first","15":"instock","16":"shipping-taxable","17":"product-type-simple"},"spectra_custom_meta":{"total_sales":["0"],"_tax_status":["taxable"],"_tax_class":[""],"_manage_stock":["no"],"_backorders":["no"],"_sold_individually":["no"],"_virtual":["no"],"_downloadable":["no"],"_download_limit":["-1"],"_download_expiry":["-1"],"_stock":[null],"_stock_status":["instock"],"_wc_average_rating":["0"],"_wc_review_count":["0"],"_product_version":["10.4.3"],"_wp_old_slug":["import-placeholder-for-640"],"_thumbnail_id":["2143"],"_product_image_gallery":["2144,2145,2146,2147"],"_edit_lock":["1767608110:1"],"_edit_last":["1"],"site-sidebar-layout":["default"],"ast-site-content-layout":["default"],"site-content-style":["default"],"site-sidebar-style":["default"],"theme-transparent-header-meta":["default"],"astra-migrate-meta-layouts":["set"],"stick-header-meta":["default"],"iawp_total_views":["16"],"_uag_css_file_name":["uag-css-2091.css"]},"uagb_featured_image_src":{"full":["https:\/\/www.mefar168.com\/wp-content\/uploads\/2026\/01\/60a8b40f879ff.webp",800,560,false],"thumbnail":["https:\/\/www.mefar168.com\/wp-content\/uploads\/2026\/01\/60a8b40f879ff-150x150.webp",150,150,true],"medium":["https:\/\/www.mefar168.com\/wp-content\/uploads\/2026\/01\/60a8b40f879ff-300x210.webp",300,210,true],"medium_large":["https:\/\/www.mefar168.com\/wp-content\/uploads\/2026\/01\/60a8b40f879ff-768x538.webp",768,538,true],"large":["https:\/\/www.mefar168.com\/wp-content\/uploads\/2026\/01\/60a8b40f879ff.webp",800,560,false],"1536x1536":["https:\/\/www.mefar168.com\/wp-content\/uploads\/2026\/01\/60a8b40f879ff.webp",800,560,false],"2048x2048":["https:\/\/www.mefar168.com\/wp-content\/uploads\/2026\/01\/60a8b40f879ff.webp",800,560,false],"trp-custom-language-flag":["https:\/\/www.mefar168.com\/wp-content\/uploads\/2026\/01\/60a8b40f879ff.webp",18,12,false],"woocommerce_thumbnail":["https:\/\/www.mefar168.com\/wp-content\/uploads\/2026\/01\/60a8b40f879ff-600x420.webp",600,420,true],"woocommerce_single":["https:\/\/www.mefar168.com\/wp-content\/uploads\/2026\/01\/60a8b40f879ff.webp",800,560,false],"woocommerce_gallery_thumbnail":["https:\/\/www.mefar168.com\/wp-content\/uploads\/2026\/01\/60a8b40f879ff-100x100.webp",100,100,true]},"uagb_author_info":{"display_name":"qunhe","author_link":"https:\/\/www.mefar168.com\/es\/author\/"},"uagb_comment_info":0,"uagb_excerpt":"\u773c\u955c\u76d2\u767d\u8272\u5e72\u538b\u7af9\u6d46\u7eb8\u6258\uff08\u7eb8\u5851\uff09\u53ef\u6309\u4e0d\u540c\u88ab\u5305\u88c5\u4ea7\u54c1\u8981\u6c42\u52a0\u5165\u65bd\u5f3a\u5242\u3001\u67d4\u6027\u5242\u3001\u9632\u6c34\u5242\u3001\u9632\u6cb9\u5242\u3001\u9632\u71c3\u5242\u7b49\u591a\u79cd\u8f85\u52a9\u6dfb\u52a0\u5242&hellip;","_links":{"self":[{"href":"https:\/\/www.mefar168.com\/es\/wp-json\/wp\/v2\/product\/2091","targetHints":{"allow":["GET"]}}],"collection":[{"href":"https:\/\/www.mefar168.com\/es\/wp-json\/wp\/v2\/product"}],"about":[{"href":"https:\/\/www.mefar168.com\/es\/wp-json\/wp\/v2\/types\/product"}],"wp:featuredmedia":[{"embeddable":true,"href":"https:\/\/www.mefar168.com\/es\/wp-json\/wp\/v2\/media\/2143"}],"wp:attachment":[{"href":"https:\/\/www.mefar168.com\/es\/wp-json\/wp\/v2\/media?parent=2091"}],"wp:term":[{"taxonomy":"product_brand","embeddable":true,"href":"https:\/\/www.mefar168.com\/es\/wp-json\/wp\/v2\/product_brand?post=2091"},{"taxonomy":"product_cat","embeddable":true,"href":"https:\/\/www.mefar168.com\/es\/wp-json\/wp\/v2\/product_cat?post=2091"},{"taxonomy":"product_tag","embeddable":true,"href":"https:\/\/www.mefar168.com\/es\/wp-json\/wp\/v2\/product_tag?post=2091"}],"curies":[{"name":"wp","href":"https:\/\/api.w.org\/{rel}","templated":true}]}}