{"id":2253,"date":"2026-01-05T01:57:15","date_gmt":"2026-01-05T01:57:15","guid":{"rendered":"https:\/\/mefar168.com\/?post_type=product&#038;p=2253"},"modified":"2026-01-05T09:45:31","modified_gmt":"2026-01-05T09:45:31","slug":"%e5%8d%a1%e7%89%87%e7%ba%b8%e6%89%98%ef%bc%88%e7%ba%b8%e5%a1%91%ef%bc%89","status":"publish","type":"product","link":"https:\/\/www.mefar168.com\/es\/product\/%e5%8d%a1%e7%89%87%e7%ba%b8%e6%89%98%ef%bc%88%e7%ba%b8%e5%a1%91%ef%bc%89\/","title":{"rendered":"Bandeja de papel fino prensado en h\u00famedo blanco tarjeta (moldeado de pasta)"},"content":{"rendered":"<div class=\"wx wor\">\n<p><strong>\u5361\u7247\u767d\u8272\u6e7f\u538b\u7cbe\u54c1\u7eb8\u6258\uff08\u7eb8\u6d46\u6a21\u5851\uff09\u3001\u73af\u4fdd\u7eb8\u6258\u4ea7\u54c1\u4ecb\u7ecd<\/strong><\/p>\n<p>Los productos de papel y pl\u00e1stico (nombre cient\u00edfico pulp moulding, nombre ingl\u00e9s PULP MOLDING, com\u00fanmente conocidos como bandeja de papel, bandeja de pulpa, caja de pulpa) son un tipo de material de embalaje ecol\u00f3gico y econ\u00f3mico.<\/p>\n<p>La materia prima de la bandeja de papel es la fibra de pulpa, la protecci\u00f3n del medio ambiente 100%, ROHS \/ SGS \/ REACH y otras pruebas est\u00e1n en consonancia con la norma, lo que es propicio para la exportaci\u00f3n de productos, sino tambi\u00e9n en consonancia con la cada vez mayor demanda de seguridad de los productos y la protecci\u00f3n del medio ambiente.<\/p>\n<p>Toma todo tipo de pulpa como materia prima, despu\u00e9s de despulpar y mezclar en cierta concentraci\u00f3n de lodo, en moldes especiales y equipos especiales por moldeo de adsorci\u00f3n al vac\u00edo, y luego despu\u00e9s del secado para convertirse en diferentes tipos de productos de envasado de cuerpo de revestimiento para diferentes prop\u00f3sitos.<\/p>\n<p>\u5361\u7247\u767d\u8272\u6e7f\u538b\u7cbe\u54c1\u7eb8\u6258\uff08\u7eb8\u6d46\u6a21\u5851\uff09\u7531\u4e8e\u5177\u6709\u4e0e\u5305\u88c5\u7269\u5916\u578b\u76f8\u543b\u5408\u7684\u51e0\u4f55\u5f62\u72b6\u548c\u826f\u597d\u7684\u9632\u9707\u3001\u9632\u51b2\u51fb\u3001\u9632\u9759\u7535\u3001\u9632\u8150\u7b49\u7406\u60f3\u7684\u4fdd\u62a4\u6548\u679c\uff0c\u7ecf\u5404\u9879\u7269\u7406\u6307\u6807\u6d4b\u8bd5\uff0c\u5176\u6027\u80fd\u548c\u529f\u6548\u8db3\u4ee5\u4ee3\u66ff\u5e76\u4f18\u4e8eEPS\u3001PS\u548cPVC\u7b49\u5305\u88c5\u5236\u54c1\u3002\u53ef\u6309\u4e0d\u540c\u88ab\u5305\u88c5\u4ea7\u54c1\u8981\u6c42\u52a0\u5165\u65bd\u5f3a\u5242\u3001\u67d4\u6027\u5242\u3001\u9632\u6c34\u5242\u3001\u9632\u6cb9\u5242\u3001\u9632\u71c3\u5242\u7b49\u591a\u79cd\u8f85\u52a9\u6dfb\u52a0\u5242\u5b9e\u73b0\u591a\u79cd\u529f\u80fd\uff0c\u8fd9\u662f\u53d1\u6ce1\u80f6\u3001EVA\u3001\u5438\u5851\u3001\u5361\u7eb8\u7b49\u5355\u4e00\u7269\u7406\u6027\u80fd\u6240\u505a\u4e0d\u5230\u7684\u3002\u5e76\u4e14\u5728\u9632\u9707\u529f\u80fd\u3001\u73af\u4fdd\u3001\u4ef7\u683c\u53ca\u9632\u9759\u7535\u7b49\u6307\u6807\u548c\u529f\u80fd\u4e0a\u5360\u636e\u4f18\u52bf\u3002<\/p>\n<p><strong>\u5361\u7247\u767d\u8272\u6e7f\u538b\u7cbe\u54c1\u7eb8\u6258\uff08\u7eb8\u6d46\u6a21\u5851\uff09\u7eb8\u5851\u4ea7\u54c1\u5177\u6709\u4ee5\u4e0b\u7279\u6027\u2236<\/strong><\/p>\n<p>Impermeable, a prueba de humedad, a prueba de golpes, antiest\u00e1tico, no contaminante, no contaminante, se puede descomponer de forma natural, se pueden superponer conjuntos. El coste es inferior al de otros materiales de envasado. Es un nuevo tipo de producto de envasado ecol\u00f3gico con amplias perspectivas de mercado.<\/p>\n<p><strong>Aplicaciones:<\/strong><\/p>\n<p>1. Productos de comunicaci\u00f3n, productos electr\u00f3nicos, productos el\u00e9ctricos, herramientas de hardware;<\/p>\n<p>2. Bebidas, alcohol, alimentos, fruta, huevos, viveros;<\/p>\n<p>3. Suministros literarios y educativos, suministros m\u00e9dicos, art\u00edculos deportivos, cosm\u00e9ticos<\/p>\n<\/div>","protected":false},"excerpt":{"rendered":"<p>\u5361\u7247\u767d\u8272\u6e7f\u538b\u7cbe\u54c1\u7eb8\u6258\uff08\u7eb8\u6d46\u6a21\u5851\uff09\u7531\u4e8e\u5177\u6709\u4e0e\u5305\u88c5\u7269\u5916\u578b\u76f8\u543b\u5408\u7684\u51e0\u4f55\u5f62\u72b6\u548c\u826f\u597d\u7684\u9632\u9707\u3001\u9632\u51b2\u51fb\u3001\u9632\u9759\u7535\u3001\u9632\u8150\u7b49\u7406\u60f3\u7684\u4fdd\u62a4\u6548\u679c\uff0c\u7ecf\u5404\u9879\u7269\u7406\u6307\u6807\u6d4b\u8bd5\uff0c\u5176\u6027\u80fd\u548c\u529f\u6548\u8db3\u4ee5\u4ee3\u66ff\u5e76\u4f18\u4e8eEPS\u3001PS\u548cPVC\u7b49\u5305\u88c5\u5236\u54c1\u3002\u53ef\u6309\u4e0d\u540c\u88ab\u5305\u88c5\u4ea7\u54c1\u8981\u6c42\u52a0\u5165\u65bd\u5f3a\u5242\u3001\u67d4\u6027\u5242\u3001\u9632\u6c34\u5242\u3001\u9632\u6cb9\u5242\u3001\u9632\u71c3\u5242\u7b49\u591a\u79cd\u8f85\u52a9\u6dfb\u52a0\u5242\u5b9e\u73b0\u591a\u79cd\u529f\u80fd\uff0c\u8fd9\u662f\u53d1\u6ce1\u80f6\u3001EVA\u3001\u5438\u5851\u3001\u5361\u7eb8\u7b49\u5355\u4e00\u7269\u7406\u6027\u80fd\u6240\u505a\u4e0d\u5230\u7684\u3002\u5e76\u4e14\u5728\u9632\u9707\u529f\u80fd\u3001\u73af\u4fdd\u3001\u4ef7\u683c\u53ca\u9632\u9759\u7535\u7b49\u6307\u6807\u548c\u529f\u80fd\u4e0a\u5360\u636e\u4f18\u52bf\u3002<\/p>","protected":false},"featured_media":2280,"template":"","meta":{"_uag_custom_page_level_css":"","site-sidebar-layout":"default","site-content-layout":"","ast-site-content-layout":"default","site-content-style":"default","site-sidebar-style":"default","ast-global-header-display":"","ast-banner-title-visibility":"","ast-main-header-display":"","ast-hfb-above-header-display":"","ast-hfb-below-header-display":"","ast-hfb-mobile-header-display":"","site-post-title":"","ast-breadcrumbs-content":"","ast-featured-img":"","footer-sml-layout":"","ast-disable-related-posts":"","theme-transparent-header-meta":"default","adv-header-id-meta":"","stick-header-meta":"default","header-above-stick-meta":"","header-main-stick-meta":"","header-below-stick-meta":"","astra-migrate-meta-layouts":"set","ast-page-background-enabled":"default","ast-page-background-meta":{"desktop":{"background-color":"var(--ast-global-color-5)","background-image":"","background-repeat":"repeat","background-position":"center center","background-size":"auto","background-attachment":"scroll","background-type":"","background-media":"","overlay-type":"","overlay-color":"","overlay-opacity":"","overlay-gradient":""},"tablet":{"background-color":"","background-image":"","background-repeat":"repeat","background-position":"center center","background-size":"auto","background-attachment":"scroll","background-type":"","background-media":"","overlay-type":"","overlay-color":"","overlay-opacity":"","overlay-gradient":""},"mobile":{"background-color":"","background-image":"","background-repeat":"repeat","background-position":"center center","background-size":"auto","background-attachment":"scroll","background-type":"","background-media":"","overlay-type":"","overlay-color":"","overlay-opacity":"","overlay-gradient":""}},"ast-content-background-meta":{"desktop":{"background-color":"var(--ast-global-color-4)","background-image":"","background-repeat":"repeat","background-position":"center center","background-size":"auto","background-attachment":"scroll","background-type":"","background-media":"","overlay-type":"","overlay-color":"","overlay-opacity":"","overlay-gradient":""},"tablet":{"background-color":"var(--ast-global-color-4)","background-image":"","background-repeat":"repeat","background-position":"center center","background-size":"auto","background-attachment":"scroll","background-type":"","background-media":"","overlay-type":"","overlay-color":"","overlay-opacity":"","overlay-gradient":""},"mobile":{"background-color":"var(--ast-global-color-4)","background-image":"","background-repeat":"repeat","background-position":"center center","background-size":"auto","background-attachment":"scroll","background-type":"","background-media":"","overlay-type":"","overlay-color":"","overlay-opacity":"","overlay-gradient":""}},"iawp_total_views":18},"product_brand":[],"product_cat":[39],"product_tag":[],"class_list":{"0":"post-2253","1":"product","2":"type-product","3":"status-publish","4":"has-post-thumbnail","6":"product_cat-toy-packaging-tray","7":"desktop-align-center","8":"tablet-align-center","9":"mobile-align-center","10":"ast-product-gallery-layout-horizontal-slider","11":"ast-product-gallery-with-no-image","12":"ast-magnify-disabled","13":"ast-product-tabs-layout-horizontal","15":"first","16":"instock","17":"shipping-taxable","18":"product-type-simple"},"spectra_custom_meta":{"total_sales":["0"],"_tax_status":["taxable"],"_tax_class":[""],"_manage_stock":["no"],"_backorders":["no"],"_sold_individually":["no"],"_virtual":["no"],"_downloadable":["no"],"_download_limit":["-1"],"_download_expiry":["-1"],"_stock":[null],"_stock_status":["instock"],"_wc_average_rating":["0"],"_wc_review_count":["0"],"_product_version":["10.4.3"],"_wp_old_slug":["import-placeholder-for-914"],"_thumbnail_id":["2280"],"_edit_lock":["1767606195:1"],"_edit_last":["1"],"site-sidebar-layout":["default"],"ast-site-content-layout":["default"],"site-content-style":["default"],"site-sidebar-style":["default"],"theme-transparent-header-meta":["default"],"stick-header-meta":["default"],"astra-migrate-meta-layouts":["set"],"iawp_total_views":["18"],"_uag_css_file_name":["uag-css-2253.css"]},"uagb_featured_image_src":{"full":["https:\/\/www.mefar168.com\/wp-content\/uploads\/2026\/01\/60a79d8bf236b.webp",800,560,false],"thumbnail":["https:\/\/www.mefar168.com\/wp-content\/uploads\/2026\/01\/60a79d8bf236b-150x150.webp",150,150,true],"medium":["https:\/\/www.mefar168.com\/wp-content\/uploads\/2026\/01\/60a79d8bf236b-300x210.webp",300,210,true],"medium_large":["https:\/\/www.mefar168.com\/wp-content\/uploads\/2026\/01\/60a79d8bf236b-768x538.webp",768,538,true],"large":["https:\/\/www.mefar168.com\/wp-content\/uploads\/2026\/01\/60a79d8bf236b.webp",800,560,false],"1536x1536":["https:\/\/www.mefar168.com\/wp-content\/uploads\/2026\/01\/60a79d8bf236b.webp",800,560,false],"2048x2048":["https:\/\/www.mefar168.com\/wp-content\/uploads\/2026\/01\/60a79d8bf236b.webp",800,560,false],"trp-custom-language-flag":["https:\/\/www.mefar168.com\/wp-content\/uploads\/2026\/01\/60a79d8bf236b.webp",18,12,false],"woocommerce_thumbnail":["https:\/\/www.mefar168.com\/wp-content\/uploads\/2026\/01\/60a79d8bf236b-600x420.webp",600,420,true],"woocommerce_single":["https:\/\/www.mefar168.com\/wp-content\/uploads\/2026\/01\/60a79d8bf236b.webp",800,560,false],"woocommerce_gallery_thumbnail":["https:\/\/www.mefar168.com\/wp-content\/uploads\/2026\/01\/60a79d8bf236b-100x100.webp",100,100,true]},"uagb_author_info":{"display_name":"qunhe","author_link":"https:\/\/www.mefar168.com\/es\/author\/"},"uagb_comment_info":0,"uagb_excerpt":"\u5361\u7247\u767d\u8272\u6e7f\u538b\u7cbe\u54c1\u7eb8\u6258\uff08\u7eb8\u6d46\u6a21\u5851\uff09\u7531\u4e8e\u5177\u6709\u4e0e\u5305\u88c5\u7269\u5916\u578b\u76f8\u543b\u5408\u7684\u51e0\u4f55\u5f62\u72b6\u548c\u826f\u597d\u7684\u9632\u9707\u3001\u9632\u51b2\u51fb\u3001\u9632\u9759\u7535\u3001\u9632\u8150\u7b49\u7406\u60f3\u7684&hellip;","_links":{"self":[{"href":"https:\/\/www.mefar168.com\/es\/wp-json\/wp\/v2\/product\/2253","targetHints":{"allow":["GET"]}}],"collection":[{"href":"https:\/\/www.mefar168.com\/es\/wp-json\/wp\/v2\/product"}],"about":[{"href":"https:\/\/www.mefar168.com\/es\/wp-json\/wp\/v2\/types\/product"}],"wp:featuredmedia":[{"embeddable":true,"href":"https:\/\/www.mefar168.com\/es\/wp-json\/wp\/v2\/media\/2280"}],"wp:attachment":[{"href":"https:\/\/www.mefar168.com\/es\/wp-json\/wp\/v2\/media?parent=2253"}],"wp:term":[{"taxonomy":"product_brand","embeddable":true,"href":"https:\/\/www.mefar168.com\/es\/wp-json\/wp\/v2\/product_brand?post=2253"},{"taxonomy":"product_cat","embeddable":true,"href":"https:\/\/www.mefar168.com\/es\/wp-json\/wp\/v2\/product_cat?post=2253"},{"taxonomy":"product_tag","embeddable":true,"href":"https:\/\/www.mefar168.com\/es\/wp-json\/wp\/v2\/product_tag?post=2253"}],"curies":[{"name":"wp","href":"https:\/\/api.w.org\/{rel}","templated":true}]}}