{"id":2263,"date":"2026-01-05T01:57:17","date_gmt":"2026-01-05T01:57:17","guid":{"rendered":"https:\/\/mefar168.com\/?post_type=product&#038;p=2263"},"modified":"2026-01-05T10:12:06","modified_gmt":"2026-01-05T10:12:06","slug":"%e7%94%b5%e5%ad%90%e7%83%9f%e7%ba%b8%e6%89%98","status":"publish","type":"product","link":"https:\/\/www.mefar168.com\/fr\/product\/bac-a-papier-pour-e-cigarette\/","title":{"rendered":"E-cigarette rouge, plateau de papier fin en pulpe de bois original press\u00e9 \u00e0 l'eau (papier-m\u00e2ch\u00e9)"},"content":{"rendered":"<p><strong>E-cigarettes Red wet press original wood pulp fine paper tray (paper plastic), environmental protection paper tray product introduction<\/strong><\/p>\n<p>Les produits papier-plastique (nom scientifique pulp moulding, nom anglais PULP MOLDING, commun\u00e9ment appel\u00e9 paper tray, pulp tray, pulp box) sont des mat\u00e9riaux d'emballage \u00e9conomiques et respectueux de l'environnement.<\/p>\n<p>La mati\u00e8re premi\u00e8re des plateaux en papier est la fibre de pulpe, la protection environnementale 100%, les tests ROHS\/SGS\/REACH et autres sont conformes \u00e0 la norme, ce qui favorise l'exportation des produits, mais r\u00e9pond \u00e9galement \u00e0 la demande de plus en plus forte en mati\u00e8re de s\u00e9curit\u00e9 des produits et de protection de l'environnement.<\/p>\n<p>Il utilise toutes sortes de p\u00e2te comme mati\u00e8re premi\u00e8re, apr\u00e8s d\u00e9pulpage et m\u00e9lange dans une certaine concentration de boue, dans des moules sp\u00e9ciaux et des \u00e9quipements sp\u00e9ciaux par moulage par adsorption sous vide, puis apr\u00e8s s\u00e9chage pour devenir diff\u00e9rents types de produits d'emballage de corps de doublure pour diff\u00e9rents usages.<\/p>\n<p>E-cigarettes red wet-pressed original wood pulp paper tray (paper-moulded) due \u00e0 la g\u00e9om\u00e9trie du mat\u00e9riau d'emballage avec l'apparence de la m\u00eame et bonne anti-vibration, r\u00e9sistance aux chocs, anti-statique, anti-corrosion et d'autres effets de protection souhaitables, par le test des indicateurs physiques, sa performance et l'efficacit\u00e9 est suffisante pour remplacer et sup\u00e9rieure \u00e0 l'EPS, PS et PVC et d'autres produits d'emballage. Il peut \u00eatre emball\u00e9 en fonction des exigences des diff\u00e9rents produits en ajoutant un agent puissant, un agent flexible, un agent imperm\u00e9able, un agent anti-huile, un agent anti-inflammable et d'autres additifs auxiliaires pour r\u00e9aliser une vari\u00e9t\u00e9 de fonctions, ce qui n'est pas possible avec le styromousse, l'EVA, le blister, le carton et d'autres propri\u00e9t\u00e9s physiques uniques. La fonction antichoc, la protection de l'environnement, le prix, l'antistatique et d'autres indicateurs et fonctions lui conf\u00e8rent un avantage certain.<\/p>\n<p><strong>\u7535\u5b50\u70df\u7ea2\u8272\u6e7f\u538b\u539f\u6728\u6d46\u7cbe\u54c1\u7eb8\u6258\u3001\u7eb8\u5851\u4ea7\u54c1\u5177\u6709\u4ee5\u4e0b\u7279\u6027\u2236<\/strong><\/p>\n<p>Imperm\u00e9able, r\u00e9sistant \u00e0 l'humidit\u00e9, aux chocs, antistatique, non polluant, non polluant, peut \u00eatre d\u00e9compos\u00e9 naturellement, peut \u00eatre superpos\u00e9. Le co\u00fbt est inf\u00e9rieur \u00e0 celui des autres mat\u00e9riaux d'emballage. Il s'agit d'un nouveau type de produit d'emballage \u00e9cologique avec de vastes perspectives de march\u00e9.<\/p>\n<p><strong>Applications :<\/strong><\/p>\n<p>1) Produits de communication, produits \u00e9lectroniques, produits \u00e9lectriques, outils mat\u00e9riels ;<\/p>\n<p>2. les boissons, l'alcool, les aliments, les fruits, les \u0153ufs, les cr\u00e8ches ;<\/p>\n<p>3. fournitures litt\u00e9raires et \u00e9ducatives, fournitures m\u00e9dicales, articles de sport, produits cosm\u00e9tiques<\/p>","protected":false},"excerpt":{"rendered":"<p>E-cigarettes red wet-pressed original wood pulp paper tray (paper-moulded) due \u00e0 la g\u00e9om\u00e9trie du mat\u00e9riau d'emballage avec l'apparence de la m\u00eame et bonne anti-vibration, r\u00e9sistance aux chocs, anti-statique, anti-corrosion et d'autres effets de protection souhaitables, par le test des indicateurs physiques, sa performance et l'efficacit\u00e9 est suffisante pour remplacer et sup\u00e9rieure \u00e0 l'EPS, PS et PVC et d'autres produits d'emballage. Il peut \u00eatre emball\u00e9 en fonction des exigences des diff\u00e9rents produits en ajoutant un agent puissant, un agent flexible, un agent imperm\u00e9able, un agent anti-huile, un agent anti-inflammable et d'autres additifs auxiliaires pour r\u00e9aliser une vari\u00e9t\u00e9 de fonctions, ce qui n'est pas possible avec le styromousse, l'EVA, le blister, le carton et d'autres propri\u00e9t\u00e9s physiques uniques. La fonction antichoc, la protection de l'environnement, le prix, l'antistatique et d'autres indicateurs et fonctions lui conf\u00e8rent un avantage certain.<\/p>","protected":false},"featured_media":2290,"template":"","meta":{"_uag_custom_page_level_css":"","site-sidebar-layout":"default","site-content-layout":"","ast-site-content-layout":"default","site-content-style":"default","site-sidebar-style":"default","ast-global-header-display":"","ast-banner-title-visibility":"","ast-main-header-display":"","ast-hfb-above-header-display":"","ast-hfb-below-header-display":"","ast-hfb-mobile-header-display":"","site-post-title":"","ast-breadcrumbs-content":"","ast-featured-img":"","footer-sml-layout":"","ast-disable-related-posts":"","theme-transparent-header-meta":"default","adv-header-id-meta":"","stick-header-meta":"default","header-above-stick-meta":"","header-main-stick-meta":"","header-below-stick-meta":"","astra-migrate-meta-layouts":"set","ast-page-background-enabled":"default","ast-page-background-meta":{"desktop":{"background-color":"var(--ast-global-color-5)","background-image":"","background-repeat":"repeat","background-position":"center center","background-size":"auto","background-attachment":"scroll","background-type":"","background-media":"","overlay-type":"","overlay-color":"","overlay-opacity":"","overlay-gradient":""},"tablet":{"background-color":"","background-image":"","background-repeat":"repeat","background-position":"center center","background-size":"auto","background-attachment":"scroll","background-type":"","background-media":"","overlay-type":"","overlay-color":"","overlay-opacity":"","overlay-gradient":""},"mobile":{"background-color":"","background-image":"","background-repeat":"repeat","background-position":"center center","background-size":"auto","background-attachment":"scroll","background-type":"","background-media":"","overlay-type":"","overlay-color":"","overlay-opacity":"","overlay-gradient":""}},"ast-content-background-meta":{"desktop":{"background-color":"var(--ast-global-color-4)","background-image":"","background-repeat":"repeat","background-position":"center center","background-size":"auto","background-attachment":"scroll","background-type":"","background-media":"","overlay-type":"","overlay-color":"","overlay-opacity":"","overlay-gradient":""},"tablet":{"background-color":"var(--ast-global-color-4)","background-image":"","background-repeat":"repeat","background-position":"center center","background-size":"auto","background-attachment":"scroll","background-type":"","background-media":"","overlay-type":"","overlay-color":"","overlay-opacity":"","overlay-gradient":""},"mobile":{"background-color":"var(--ast-global-color-4)","background-image":"","background-repeat":"repeat","background-position":"center center","background-size":"auto","background-attachment":"scroll","background-type":"","background-media":"","overlay-type":"","overlay-color":"","overlay-opacity":"","overlay-gradient":""}},"iawp_total_views":15},"product_brand":[],"product_cat":[43],"product_tag":[],"class_list":{"0":"post-2263","1":"product","2":"type-product","3":"status-publish","4":"has-post-thumbnail","6":"product_cat-e-cigarette-packaging-tray","7":"desktop-align-center","8":"tablet-align-center","9":"mobile-align-center","10":"ast-product-gallery-layout-horizontal-slider","11":"ast-magnify-disabled","12":"ast-product-tabs-layout-horizontal","14":"first","15":"instock","16":"shipping-taxable","17":"product-type-simple"},"spectra_custom_meta":{"total_sales":["0"],"_tax_status":["taxable"],"_tax_class":[""],"_manage_stock":["no"],"_backorders":["no"],"_sold_individually":["no"],"_virtual":["no"],"_downloadable":["no"],"_download_limit":["-1"],"_download_expiry":["-1"],"_stock":[null],"_stock_status":["instock"],"_wc_average_rating":["0"],"_wc_review_count":["0"],"_product_version":["10.4.3"],"_wp_old_slug":["import-placeholder-for-936","%e7%94%b5%e5%ad%90%e7%83%9f%e7%ba%b8%e6%89%98%ef%bc%88%e7%ba%b8%e5%a1%91%ef%bc%89-6"],"_thumbnail_id":["2290"],"_edit_lock":["1767607943:1"],"_edit_last":["1"],"site-sidebar-layout":["default"],"ast-site-content-layout":["default"],"site-content-style":["default"],"site-sidebar-style":["default"],"theme-transparent-header-meta":["default"],"stick-header-meta":["default"],"_product_image_gallery":["2534,2536,2535"],"astra-migrate-meta-layouts":["set"],"iawp_total_views":["15"],"_uag_css_file_name":["uag-css-2263.css"]},"uagb_featured_image_src":{"full":["https:\/\/www.mefar168.com\/wp-content\/uploads\/2026\/01\/60a7955ee631e-1.webp",800,560,false],"thumbnail":["https:\/\/www.mefar168.com\/wp-content\/uploads\/2026\/01\/60a7955ee631e-1-150x150.webp",150,150,true],"medium":["https:\/\/www.mefar168.com\/wp-content\/uploads\/2026\/01\/60a7955ee631e-1-300x210.webp",300,210,true],"medium_large":["https:\/\/www.mefar168.com\/wp-content\/uploads\/2026\/01\/60a7955ee631e-1-768x538.webp",768,538,true],"large":["https:\/\/www.mefar168.com\/wp-content\/uploads\/2026\/01\/60a7955ee631e-1.webp",800,560,false],"1536x1536":["https:\/\/www.mefar168.com\/wp-content\/uploads\/2026\/01\/60a7955ee631e-1.webp",800,560,false],"2048x2048":["https:\/\/www.mefar168.com\/wp-content\/uploads\/2026\/01\/60a7955ee631e-1.webp",800,560,false],"trp-custom-language-flag":["https:\/\/www.mefar168.com\/wp-content\/uploads\/2026\/01\/60a7955ee631e-1.webp",18,12,false],"woocommerce_thumbnail":["https:\/\/www.mefar168.com\/wp-content\/uploads\/2026\/01\/60a7955ee631e-1-600x420.webp",600,420,true],"woocommerce_single":["https:\/\/www.mefar168.com\/wp-content\/uploads\/2026\/01\/60a7955ee631e-1.webp",800,560,false],"woocommerce_gallery_thumbnail":["https:\/\/www.mefar168.com\/wp-content\/uploads\/2026\/01\/60a7955ee631e-1-100x100.webp",100,100,true]},"uagb_author_info":{"display_name":"qunhe","author_link":"https:\/\/www.mefar168.com\/fr\/author\/"},"uagb_comment_info":0,"uagb_excerpt":"\u7535\u5b50\u70df\u7ea2\u8272\u6e7f\u538b\u539f\u6728\u6d46\u7cbe\u54c1\u7eb8\u6258\uff08\u7eb8\u5851\uff09\u7531\u4e8e\u5177\u6709\u4e0e\u5305\u88c5\u7269\u5916\u578b\u76f8\u543b\u5408\u7684\u51e0\u4f55\u5f62\u72b6\u548c\u826f\u597d\u7684\u9632\u9707\u3001\u9632\u51b2\u51fb\u3001\u9632\u9759\u7535\u3001\u9632\u8150\u7b49\u7406\u2026","_links":{"self":[{"href":"https:\/\/www.mefar168.com\/fr\/wp-json\/wp\/v2\/product\/2263","targetHints":{"allow":["GET"]}}],"collection":[{"href":"https:\/\/www.mefar168.com\/fr\/wp-json\/wp\/v2\/product"}],"about":[{"href":"https:\/\/www.mefar168.com\/fr\/wp-json\/wp\/v2\/types\/product"}],"wp:featuredmedia":[{"embeddable":true,"href":"https:\/\/www.mefar168.com\/fr\/wp-json\/wp\/v2\/media\/2290"}],"wp:attachment":[{"href":"https:\/\/www.mefar168.com\/fr\/wp-json\/wp\/v2\/media?parent=2263"}],"wp:term":[{"taxonomy":"product_brand","embeddable":true,"href":"https:\/\/www.mefar168.com\/fr\/wp-json\/wp\/v2\/product_brand?post=2263"},{"taxonomy":"product_cat","embeddable":true,"href":"https:\/\/www.mefar168.com\/fr\/wp-json\/wp\/v2\/product_cat?post=2263"},{"taxonomy":"product_tag","embeddable":true,"href":"https:\/\/www.mefar168.com\/fr\/wp-json\/wp\/v2\/product_tag?post=2263"}],"curies":[{"name":"wp","href":"https:\/\/api.w.org\/{rel}","templated":true}]}}